{"id":3,"date":"2025-07-01T18:07:21","date_gmt":"2025-07-01T18:07:21","guid":{"rendered":"https:\/\/www.web4all.in.rs\/?page_id=3"},"modified":"2026-04-01T20:30:08","modified_gmt":"2026-04-01T20:30:08","slug":"privacy-policy","status":"publish","type":"page","link":"https:\/\/www.web4all.in.rs\/","title":{"rendered":"Dobrodo\u0161li!"},"content":{"rendered":"\n<p><br>Bavim se modernim <strong>web dizajnom<\/strong> i izradom sajtova koriste\u0107i <strong>HTML, WordPress i Joomla<\/strong> platforme. Pored toga, kreiram i <strong>e\u2011commerce re\u0161enja<\/strong> prilago\u0111ena va\u0161em poslovanju, sa fokusom na funkcionalnost, sigurnost i jednostavno kori\u0161\u0107enje. Moj cilj je da va\u0161 sajt bude profesionalan, pregledan i spreman za budu\u0107i rast.<\/p>\n\n\n\n<p><strong>Kontaktirajte me i zajedno \u0107emo izgraditi va\u0161 idealan sajt!<\/strong><\/p>\n\n\n\n<p><\/p>\n\n\n\n<p>Ivan<\/p>\n\n\n\n<p>060 332 83 77<\/p>\n","protected":false},"excerpt":{"rendered":"<p>Bavim se modernim web dizajnom i izradom sajtova koriste\u0107i HTML, WordPress i Joomla platforme. Pored toga, kreiram i e\u2011commerce re\u0161enja prilago\u0111ena va\u0161em poslovanju, sa fokusom na funkcionalnost, sigurnost i jednostavno kori\u0161\u0107enje. Moj cilj je da va\u0161 sajt bude profesionalan, pregledan i spreman za budu\u0107i rast. Kontaktirajte me i zajedno \u0107emo izgraditi va\u0161 idealan sajt! Ivan 060 332 83 77<\/p>\n","protected":false},"author":1,"featured_media":0,"parent":0,"menu_order":0,"comment_status":"closed","ping_status":"open","template":"","meta":{"footnotes":""},"class_list":["post-3","page","type-page","status-publish","hentry"],"_links":{"self":[{"href":"https:\/\/www.web4all.in.rs\/index.php\/wp-json\/wp\/v2\/pages\/3","targetHints":{"allow":["GET"]}}],"collection":[{"href":"https:\/\/www.web4all.in.rs\/index.php\/wp-json\/wp\/v2\/pages"}],"about":[{"href":"https:\/\/www.web4all.in.rs\/index.php\/wp-json\/wp\/v2\/types\/page"}],"author":[{"embeddable":true,"href":"https:\/\/www.web4all.in.rs\/index.php\/wp-json\/wp\/v2\/users\/1"}],"replies":[{"embeddable":true,"href":"https:\/\/www.web4all.in.rs\/index.php\/wp-json\/wp\/v2\/comments?post=3"}],"version-history":[{"count":1,"href":"https:\/\/www.web4all.in.rs\/index.php\/wp-json\/wp\/v2\/pages\/3\/revisions"}],"predecessor-version":[{"id":14,"href":"https:\/\/www.web4all.in.rs\/index.php\/wp-json\/wp\/v2\/pages\/3\/revisions\/14"}],"wp:attachment":[{"href":"https:\/\/www.web4all.in.rs\/index.php\/wp-json\/wp\/v2\/media?parent=3"}],"curies":[{"name":"wp","href":"https:\/\/api.w.org\/{rel}","templated":true}]}}